{"id":939,"date":"2020-09-16T08:37:28","date_gmt":"2020-09-16T08:37:28","guid":{"rendered":"http:\/\/traducteur-lituanien.com\/?page_id=939"},"modified":"2025-04-30T09:22:13","modified_gmt":"2025-04-30T07:22:13","slug":"vertimo-kainos","status":"publish","type":"page","link":"https:\/\/traducteur-lituanien.com\/?page_id=939&lang=lt","title":{"rendered":"Vertimo kainos"},"content":{"rendered":"<p>[et_pb_section fb_built=\u00a0\u00bb1&Prime; _builder_version=\u00a0\u00bb4.16&Prime; min_height=\u00a0\u00bb1261px\u00a0\u00bb custom_padding=\u00a0\u00bb4px||3px|||\u00a0\u00bb global_colors_info=\u00a0\u00bb{}\u00a0\u00bb][et_pb_row _builder_version=\u00a0\u00bb4.16&Prime; global_colors_info=\u00a0\u00bb{}\u00a0\u00bb][et_pb_column type=\u00a0\u00bb4_4&Prime; _builder_version=\u00a0\u00bb4.16&Prime; global_colors_info=\u00a0\u00bb{}\u00a0\u00bb][et_pb_text _builder_version=\u00a0\u00bb4.16&Prime; global_colors_info=\u00a0\u00bb{}\u00a0\u00bb]<\/p>\n<h2>K\u0105 reikia \u017einoti prie\u0161 pateikiant dokumentus vertimui? <\/h2>\n<p>[\/et_pb_text][et_pb_text _builder_version=\u00a0\u00bb4.18.0&Prime; header_2_line_height=\u00a0\u00bb1.3em\u00a0\u00bb global_colors_info=\u00a0\u00bb{}\u00a0\u00bb]<\/p>\n<p>Pirmiausia turiu pamatyti pat\u012f dokument\u0105 ir tik po gal\u0117siu pasi\u016blyti vertimo kain\u0105.<\/p>\n<p>Net jei J\u016bs galite tiksliai apra\u0161yti verstino dokumento ypatybes, \u017eod\u017ei\u0173 kiek\u012f, puslapi\u0173 skai\u010di\u0173 ir pan., vert\u0117jui yra labai svarbu \u012fvertinti visus parametrus. Pavyzd\u017eiui, jei dokumentas siun\u010diamas PDF formatu, b\u016btina patikrinti PDF kokyb\u0119, ar bus galima \u00ab\u00a0i\u0161traukti\u00a0\u00bb tekst\u0105, ar teks naudoti teksto atpa\u017einimo program\u0105 (OCR). Pastarieji veiksmai pareikalaus papildomo laiko tikrinant konvertuoto teksto kokyb\u0119&#8230; Galutinis rezultatas gavus prastos kokyb\u0117s skaitmenin\u012f dokument\u0105: vertimas u\u017etruks ilgiau ir kainuos brangiau.<\/p>\n<p>Kita prie\u017eastis d\u0117l kurios yra svarbu pamatyti dokument\u0105 prie\u0161 pradedant vertim\u0105: kartais klientai yra \u012fsitikin\u0119, kad j\u0173 turimas dokumentas yra sura\u0161ytas lietuvi\u0173 kalba. Pama\u010dius dokument\u0105 konstatuoju, kad jis latvi\u0173 kalba&#8230; Taip atsitinka retai, bet atsitinka. Preliminariai pateikus dokument\u0105 patikrinimui sutaupysime visiems brang\u0173 laik\u0105.<\/p>\n<p>[\/et_pb_text][et_pb_divider _builder_version=\u00a0\u00bb4.16&Prime; global_colors_info=\u00a0\u00bb{}\u00a0\u00bb][\/et_pb_divider][et_pb_text _builder_version=\u00a0\u00bb4.16&Prime; global_colors_info=\u00a0\u00bb{}\u00a0\u00bb]<\/p>\n<h2>Patvirtint\u0173 vertim\u0173 kainos : bendro pob\u016bd\u017eio civilin\u0117s b\u016bkl\u0117s dokumentai<\/h2>\n<p>[\/et_pb_text][et_pb_text _builder_version=\u00a0\u00bb4.16&Prime; header_2_line_height=\u00a0\u00bb1.3em\u00a0\u00bb global_colors_info=\u00a0\u00bb{}\u00a0\u00bb]<\/p>\n<p>Prisiek\u0119 vert\u0117jai patys nustato savo \u012fkainius, tad ie\u0161kodami vert\u0117jo, galite pateikti kelis u\u017eklausimus ir sulaukti skirting\u0173 \u012fkaini\u0173.<\/p>\n<p>Jei esate privatus asmuo ir turite laiko, lenkit\u0117s vertimo agent\u016br\u0173. Jos turi biud\u017eet\u0105 geram matomumui internete ir \u012fvedus kalb\u0173 kombinacij\u0173 terminus pirmuosiuose rezultatuose pasirodys b\u016btent j\u0173 kontaktiniai duomenys. \u017dinoma, agent\u016bros atliks u\u017esakyt\u0105 vertim\u0105, ta\u010diau \u0161i paslauga kainuos dvigubai o kartais net trigubai brangiau nei tiesiogiai kreipiantis \u012f prisiekus\u012f vert\u0117j\u0105. J\u016bs tiesiog sumok\u0117site tarpininkavimo mokest\u012f.<\/p>\n<p>Mano atveju, kaip prisiek\u0119s vet\u0117jas praktikuoju fiksuot\u0105 <strong>48 \u20ac (40 \u20ac + 8 \u20ac PVM)<\/strong> \u012fkain\u012f u\u017e bendro pob\u016bd\u017eio civilin\u0117s b\u016bkl\u0117s dokumentus, tokius kaip gimimo, santuokos, skyryb\u0173 liudijimai, teistumo\/neteistumo pa\u017eymos ir kt. Prie fiksuoto \u012fkainio prisideda siuntimo i\u0161laidos ir jos priklauso nuo siuntos svorio bei siuntimo formos (skubi, paprasta, registruota siunta). Jei J\u016bs\u0173 dokumentas turi prisegt\u0105 apostil\u0119 ir jei pageidaujate jos vertimo, prie min\u0117to fiksuoto \u012fkainio reik\u0117s prid\u0117ti <strong>20,40 \u20ac (17 \u20ac + 3,40 \u20ac PVM)<\/strong>. <\/p>\n<p>&nbsp;<\/p>\n<p>[\/et_pb_text][\/et_pb_column][\/et_pb_row][et_pb_row _builder_version=\u00a0\u00bb4.16&Prime; global_colors_info=\u00a0\u00bb{}\u00a0\u00bb][et_pb_column type=\u00a0\u00bb4_4&Prime; _builder_version=\u00a0\u00bb4.16&Prime; global_colors_info=\u00a0\u00bb{}\u00a0\u00bb][et_pb_divider _builder_version=\u00a0\u00bb4.16&Prime; global_colors_info=\u00a0\u00bb{}\u00a0\u00bb][\/et_pb_divider][\/et_pb_column][\/et_pb_row][et_pb_row _builder_version=\u00a0\u00bb4.16&Prime; global_colors_info=\u00a0\u00bb{}\u00a0\u00bb][et_pb_column type=\u00a0\u00bb4_4&Prime; _builder_version=\u00a0\u00bb4.16&Prime; global_colors_info=\u00a0\u00bb{}\u00a0\u00bb][et_pb_text _builder_version=\u00a0\u00bb4.16&Prime; global_colors_info=\u00a0\u00bb{}\u00a0\u00bb]<\/p>\n<h2>Patvirtint\u0173 vertim\u0173 kainos: kiti dokumentai<\/h2>\n<p>Jei norite i\u0161versti kitokio pob\u016bd\u017eio dokumentus, susisiekite su manimi paskambindami, u\u017epildydami kontaktin\u0119 form\u0105, el. pa\u0161tu&#8230;<\/p>\n<p>[\/et_pb_text][et_pb_button button_url=\u00a0\u00bbtel:0651359436&Prime; button_text=\u00a0\u00bb06 51 35 94 36&Prime; button_alignment=\u00a0\u00bbcenter\u00a0\u00bb _builder_version=\u00a0\u00bb4.16&Prime; custom_button=\u00a0\u00bbon\u00a0\u00bb button_text_color=\u00a0\u00bb#E09900&Prime; button_icon=\u00a0\u00bb&#xe00b;||divi||400&Prime; global_colors_info=\u00a0\u00bb{}\u00a0\u00bb][\/et_pb_button][\/et_pb_column][\/et_pb_row][\/et_pb_section][et_pb_section fb_built=\u00a0\u00bb1&Prime; _builder_version=\u00a0\u00bb4.16&Prime; custom_padding=\u00a0\u00bb1px||2px|||\u00a0\u00bb global_colors_info=\u00a0\u00bb{}\u00a0\u00bb][et_pb_row _builder_version=\u00a0\u00bb4.16&Prime; custom_padding=\u00a0\u00bb||2px|||\u00a0\u00bb global_colors_info=\u00a0\u00bb{}\u00a0\u00bb][et_pb_column type=\u00a0\u00bb4_4&Prime; _builder_version=\u00a0\u00bb4.16&Prime; global_colors_info=\u00a0\u00bb{}\u00a0\u00bb][et_pb_text _builder_version=\u00a0\u00bb4.16&Prime; global_colors_info=\u00a0\u00bb{}\u00a0\u00bb]<\/p>\n<h2>U\u017eklausimas d\u0117l vertimo s\u0105matos<\/h2>\n<p>[\/et_pb_text][et_pb_divider _builder_version=\u00a0\u00bb4.16&Prime; global_colors_info=\u00a0\u00bb{}\u00a0\u00bb][\/et_pb_divider][\/et_pb_column][\/et_pb_row][\/et_pb_section][et_pb_section fb_built=\u00a0\u00bb1&Prime; _builder_version=\u00a0\u00bb4.16&Prime; min_height=\u00a0\u00bb479px\u00a0\u00bb custom_padding=\u00a0\u00bb1px|||||\u00a0\u00bb global_colors_info=\u00a0\u00bb{}\u00a0\u00bb][et_pb_row _builder_version=\u00a0\u00bb4.18.0&Prime; global_colors_info=\u00a0\u00bb{}\u00a0\u00bb][et_pb_column type=\u00a0\u00bb4_4&Prime; _builder_version=\u00a0\u00bb4.18.0&Prime; custom_padding=\u00a0\u00bb3%|3%|3%|3%|true|true\u00a0\u00bb border_width_all=\u00a0\u00bb1px\u00a0\u00bb border_color_all=\u00a0\u00bb#E09900&Prime; global_colors_info=\u00a0\u00bb{}\u00a0\u00bb][et_pb_text _builder_version=\u00a0\u00bb4.18.0&Prime; global_colors_info=\u00a0\u00bb{}\u00a0\u00bb]<\/p>\n<div class=\"wpforms-container wpforms-container-full\" id=\"wpforms-929\"><form id=\"wpforms-form-929\" class=\"wpforms-validate wpforms-form\" data-formid=\"929\" method=\"post\" enctype=\"multipart\/form-data\" action=\"\/index.php?rest_route=%2Fwp%2Fv2%2Fpages%2F939&#038;wpforms_form_id=929\"><div class=\"wpforms-field-container\"><div id=\"wpforms-929-field_0-container\" class=\"wpforms-field wpforms-field-name wpforms-one-third wpforms-first\" data-field-id=\"0\"><label class=\"wpforms-field-label\" for=\"wpforms-929-field_0\">Pavard\u0117, vardas <span class=\"wpforms-required-label\">*<\/span><\/label><input type=\"text\" id=\"wpforms-929-field_0\" class=\"wpforms-field-large wpforms-field-required\" name=\"wpforms[fields][0]\" required><\/div><div id=\"wpforms-929-field_2-container\" class=\"wpforms-field wpforms-field-email wpforms-one-third\" data-field-id=\"2\"><label class=\"wpforms-field-label\" for=\"wpforms-929-field_2\">El. pa\u0161tas <span class=\"wpforms-required-label\">*<\/span><\/label><input type=\"email\" id=\"wpforms-929-field_2\" class=\"wpforms-field-large wpforms-field-required\" name=\"wpforms[fields][2]\" required><\/div><div id=\"wpforms-929-field_3-container\" class=\"wpforms-field wpforms-field-phone wpforms-one-third\" data-field-id=\"3\"><label class=\"wpforms-field-label\" for=\"wpforms-929-field_3\">Telefono nr.<\/label><input type=\"tel\" id=\"wpforms-929-field_3\" class=\"wpforms-field-large\" name=\"wpforms[fields][3]\" ><\/div><div id=\"wpforms-929-field_4-container\" class=\"wpforms-field wpforms-field-textarea\" data-field-id=\"4\"><label class=\"wpforms-field-label\" for=\"wpforms-929-field_4\">Pastabos, klausimai, kita...<\/label><textarea id=\"wpforms-929-field_4\" class=\"wpforms-field-small\" name=\"wpforms[fields][4]\" ><\/textarea><\/div><div id=\"wpforms-929-field_5-container\" class=\"wpforms-field wpforms-field-file-upload\" data-field-id=\"5\"><label class=\"wpforms-field-label\" for=\"wpforms-929-field_5\">Dokumento \u012fk\u0117limas<\/label><input type=\"file\" id=\"wpforms-929-field_5\" data-rule-extension=\"jpg,jpeg,jpe,gif,png,bmp,tiff,tif,webp,avif,ico,heic,heif,heics,heifs,asf,asx,wmv,wmx,wm,avi,divx,mov,qt,mpeg,mpg,mpe,mp4,m4v,ogv,webm,mkv,3gp,3gpp,3g2,3gp2,txt,asc,c,cc,h,srt,csv,tsv,ics,rtx,css,vtt,mp3,m4a,m4b,aac,ra,ram,wav,xwav,ogg,oga,flac,mid,midi,wma,wax,mka,rtf,pdf,class,tar,zip,gz,gzip,rar,7z,psd,xcf,doc,pot,pps,ppt,wri,xla,xls,xlt,xlw,mpp,docx,docm,dotx,dotm,xlsx,xlsm,xlsb,xltx,xltm,xlam,pptx,pptm,ppsx,ppsm,potx,potm,ppam,sldx,sldm,onetoc,onetoc2,onepkg,oxps,xps,odt,odp,ods,odg,odc,odb,odf,wp,wpd,key,numbers,pages\" data-rule-maxsize=\"10485760\" name=\"wpforms_929_5\" accept=\".jpg,.jpeg,.jpe,.gif,.png,.bmp,.tiff,.tif,.webp,.avif,.ico,.heic,.heif,.heics,.heifs,.asf,.asx,.wmv,.wmx,.wm,.avi,.divx,.mov,.qt,.mpeg,.mpg,.mpe,.mp4,.m4v,.ogv,.webm,.mkv,.3gp,.3gpp,.3g2,.3gp2,.txt,.asc,.c,.cc,.h,.srt,.csv,.tsv,.ics,.rtx,.css,.vtt,.mp3,.m4a,.m4b,.aac,.ra,.ram,.wav,.xwav,.ogg,.oga,.flac,.mid,.midi,.wma,.wax,.mka,.rtf,.pdf,.class,.tar,.zip,.gz,.gzip,.rar,.7z,.psd,.xcf,.doc,.pot,.pps,.ppt,.wri,.xla,.xls,.xlt,.xlw,.mpp,.docx,.docm,.dotx,.dotm,.xlsx,.xlsm,.xlsb,.xltx,.xltm,.xlam,.pptx,.pptm,.ppsx,.ppsm,.potx,.potm,.ppam,.sldx,.sldm,.onetoc,.onetoc2,.onepkg,.oxps,.xps,.odt,.odp,.ods,.odg,.odc,.odb,.odf,.wp,.wpd,.key,.numbers,.pages\" ><\/div><\/div><div class=\"wpforms-submit-container\" ><input type=\"hidden\" name=\"wpforms[id]\" value=\"929\"><input type=\"hidden\" name=\"wpforms[author]\" value=\"1\"><button type=\"submit\" name=\"wpforms[submit]\" class=\"wpforms-submit \" id=\"wpforms-submit-929\" value=\"wpforms-submit\" aria-live=\"assertive\" data-alt-text=\"Envoi...\" data-submit-text=\"Envoyer\">Envoyer<\/button><\/div><\/form><\/div>  <!-- .wpforms-container -->\n<p>[\/et_pb_text][\/et_pb_column][\/et_pb_row][\/et_pb_section]<\/p>\n","protected":false},"excerpt":{"rendered":"<p>K\u0105 reikia \u017einoti prie\u0161 pateikiant dokumentus vertimui? Pirmiausia turiu&#8230;<\/p>\n","protected":false},"author":1,"featured_media":0,"parent":0,"menu_order":0,"comment_status":"closed","ping_status":"closed","template":"","meta":{"_et_pb_use_builder":"on","_et_pb_old_content":"","_et_gb_content_width":"","footnotes":""},"class_list":["post-939","page","type-page","status-publish"],"yoast_head":"<!-- This site is optimized with the Yoast SEO plugin v27.1.1 - https:\/\/yoast.com\/product\/yoast-seo-wordpress\/ -->\n<title>Vertimo kainos &#8211; Traducteur asserment\u00e9 francais lituanien<\/title>\n<meta name=\"robots\" content=\"index, follow, max-snippet:-1, max-image-preview:large, max-video-preview:-1\" \/>\n<link rel=\"canonical\" href=\"https:\/\/traducteur-lituanien.com\/?page_id=939&lang=lt\" \/>\n<meta property=\"og:locale\" content=\"fr_FR\" \/>\n<meta property=\"og:type\" content=\"article\" \/>\n<meta property=\"og:title\" content=\"Vertimo kainos &#8211; Traducteur asserment\u00e9 francais lituanien\" \/>\n<meta property=\"og:description\" content=\"K\u0105 reikia \u017einoti prie\u0161 pateikiant dokumentus vertimui? Pirmiausia turiu...\" \/>\n<meta property=\"og:url\" content=\"https:\/\/traducteur-lituanien.com\/?page_id=939&amp;lang=lt\" \/>\n<meta property=\"og:site_name\" content=\"Traducteur asserment\u00e9 francais lituanien\" \/>\n<meta property=\"article:modified_time\" content=\"2025-04-30T07:22:13+00:00\" \/>\n<meta name=\"twitter:card\" content=\"summary_large_image\" \/>\n<meta name=\"twitter:label1\" content=\"Dur\u00e9e de lecture estim\u00e9e\" \/>\n\t<meta name=\"twitter:data1\" content=\"3 minutes\" \/>\n<script type=\"application\/ld+json\" class=\"yoast-schema-graph\">{\"@context\":\"https:\/\/schema.org\",\"@graph\":[{\"@type\":\"WebPage\",\"@id\":\"https:\/\/traducteur-lituanien.com\/?page_id=939&lang=lt\",\"url\":\"https:\/\/traducteur-lituanien.com\/?page_id=939&lang=lt\",\"name\":\"Vertimo kainos &#8211; Traducteur asserment\u00e9 francais lituanien\",\"isPartOf\":{\"@id\":\"https:\/\/traducteur-lituanien.com\/#website\"},\"datePublished\":\"2020-09-16T08:37:28+00:00\",\"dateModified\":\"2025-04-30T07:22:13+00:00\",\"breadcrumb\":{\"@id\":\"https:\/\/traducteur-lituanien.com\/?page_id=939&lang=lt#breadcrumb\"},\"inLanguage\":\"fr-FR\",\"potentialAction\":[{\"@type\":\"ReadAction\",\"target\":[\"https:\/\/traducteur-lituanien.com\/?page_id=939&lang=lt\"]}]},{\"@type\":\"BreadcrumbList\",\"@id\":\"https:\/\/traducteur-lituanien.com\/?page_id=939&lang=lt#breadcrumb\",\"itemListElement\":[{\"@type\":\"ListItem\",\"position\":1,\"name\":\"Accueil\",\"item\":\"https:\/\/traducteur-lituanien.com\/\"},{\"@type\":\"ListItem\",\"position\":2,\"name\":\"Vertimo kainos\"}]},{\"@type\":\"WebSite\",\"@id\":\"https:\/\/traducteur-lituanien.com\/#website\",\"url\":\"https:\/\/traducteur-lituanien.com\/\",\"name\":\"Traducteur asserment\u00e9 lituanien\",\"description\":\"Traduction de vos documents du lituanien en fran\u00e7ais par un expert judiciaire\",\"publisher\":{\"@id\":\"https:\/\/traducteur-lituanien.com\/#organization\"},\"potentialAction\":[{\"@type\":\"SearchAction\",\"target\":{\"@type\":\"EntryPoint\",\"urlTemplate\":\"https:\/\/traducteur-lituanien.com\/?s={search_term_string}\"},\"query-input\":{\"@type\":\"PropertyValueSpecification\",\"valueRequired\":true,\"valueName\":\"search_term_string\"}}],\"inLanguage\":\"fr-FR\"},{\"@type\":\"Organization\",\"@id\":\"https:\/\/traducteur-lituanien.com\/#organization\",\"name\":\"Aurimas Dunauskas\",\"url\":\"https:\/\/traducteur-lituanien.com\/\",\"logo\":{\"@type\":\"ImageObject\",\"inLanguage\":\"fr-FR\",\"@id\":\"https:\/\/traducteur-lituanien.com\/#\/schema\/logo\/image\/\",\"url\":\"https:\/\/traducteur-lituanien.com\/wp-content\/uploads\/2020\/09\/contact-1.jpg\",\"contentUrl\":\"https:\/\/traducteur-lituanien.com\/wp-content\/uploads\/2020\/09\/contact-1.jpg\",\"width\":1200,\"height\":438,\"caption\":\"Aurimas Dunauskas\"},\"image\":{\"@id\":\"https:\/\/traducteur-lituanien.com\/#\/schema\/logo\/image\/\"}}]}<\/script>\n<!-- \/ Yoast SEO plugin. -->","yoast_head_json":{"title":"Vertimo kainos &#8211; Traducteur asserment\u00e9 francais lituanien","robots":{"index":"index","follow":"follow","max-snippet":"max-snippet:-1","max-image-preview":"max-image-preview:large","max-video-preview":"max-video-preview:-1"},"canonical":"https:\/\/traducteur-lituanien.com\/?page_id=939&lang=lt","og_locale":"fr_FR","og_type":"article","og_title":"Vertimo kainos &#8211; Traducteur asserment\u00e9 francais lituanien","og_description":"K\u0105 reikia \u017einoti prie\u0161 pateikiant dokumentus vertimui? Pirmiausia turiu...","og_url":"https:\/\/traducteur-lituanien.com\/?page_id=939&lang=lt","og_site_name":"Traducteur asserment\u00e9 francais lituanien","article_modified_time":"2025-04-30T07:22:13+00:00","twitter_card":"summary_large_image","twitter_misc":{"Dur\u00e9e de lecture estim\u00e9e":"3 minutes"},"schema":{"@context":"https:\/\/schema.org","@graph":[{"@type":"WebPage","@id":"https:\/\/traducteur-lituanien.com\/?page_id=939&lang=lt","url":"https:\/\/traducteur-lituanien.com\/?page_id=939&lang=lt","name":"Vertimo kainos &#8211; Traducteur asserment\u00e9 francais lituanien","isPartOf":{"@id":"https:\/\/traducteur-lituanien.com\/#website"},"datePublished":"2020-09-16T08:37:28+00:00","dateModified":"2025-04-30T07:22:13+00:00","breadcrumb":{"@id":"https:\/\/traducteur-lituanien.com\/?page_id=939&lang=lt#breadcrumb"},"inLanguage":"fr-FR","potentialAction":[{"@type":"ReadAction","target":["https:\/\/traducteur-lituanien.com\/?page_id=939&lang=lt"]}]},{"@type":"BreadcrumbList","@id":"https:\/\/traducteur-lituanien.com\/?page_id=939&lang=lt#breadcrumb","itemListElement":[{"@type":"ListItem","position":1,"name":"Accueil","item":"https:\/\/traducteur-lituanien.com\/"},{"@type":"ListItem","position":2,"name":"Vertimo kainos"}]},{"@type":"WebSite","@id":"https:\/\/traducteur-lituanien.com\/#website","url":"https:\/\/traducteur-lituanien.com\/","name":"Traducteur asserment\u00e9 lituanien","description":"Traduction de vos documents du lituanien en fran\u00e7ais par un expert judiciaire","publisher":{"@id":"https:\/\/traducteur-lituanien.com\/#organization"},"potentialAction":[{"@type":"SearchAction","target":{"@type":"EntryPoint","urlTemplate":"https:\/\/traducteur-lituanien.com\/?s={search_term_string}"},"query-input":{"@type":"PropertyValueSpecification","valueRequired":true,"valueName":"search_term_string"}}],"inLanguage":"fr-FR"},{"@type":"Organization","@id":"https:\/\/traducteur-lituanien.com\/#organization","name":"Aurimas Dunauskas","url":"https:\/\/traducteur-lituanien.com\/","logo":{"@type":"ImageObject","inLanguage":"fr-FR","@id":"https:\/\/traducteur-lituanien.com\/#\/schema\/logo\/image\/","url":"https:\/\/traducteur-lituanien.com\/wp-content\/uploads\/2020\/09\/contact-1.jpg","contentUrl":"https:\/\/traducteur-lituanien.com\/wp-content\/uploads\/2020\/09\/contact-1.jpg","width":1200,"height":438,"caption":"Aurimas Dunauskas"},"image":{"@id":"https:\/\/traducteur-lituanien.com\/#\/schema\/logo\/image\/"}}]}},"lang":"lt","translations":{"lt":939,"fr":814},"pll_sync_post":[],"_links":{"self":[{"href":"https:\/\/traducteur-lituanien.com\/index.php?rest_route=\/wp\/v2\/pages\/939","targetHints":{"allow":["GET"]}}],"collection":[{"href":"https:\/\/traducteur-lituanien.com\/index.php?rest_route=\/wp\/v2\/pages"}],"about":[{"href":"https:\/\/traducteur-lituanien.com\/index.php?rest_route=\/wp\/v2\/types\/page"}],"author":[{"embeddable":true,"href":"https:\/\/traducteur-lituanien.com\/index.php?rest_route=\/wp\/v2\/users\/1"}],"replies":[{"embeddable":true,"href":"https:\/\/traducteur-lituanien.com\/index.php?rest_route=%2Fwp%2Fv2%2Fcomments&post=939"}],"version-history":[{"count":4,"href":"https:\/\/traducteur-lituanien.com\/index.php?rest_route=\/wp\/v2\/pages\/939\/revisions"}],"predecessor-version":[{"id":949,"href":"https:\/\/traducteur-lituanien.com\/index.php?rest_route=\/wp\/v2\/pages\/939\/revisions\/949"}],"wp:attachment":[{"href":"https:\/\/traducteur-lituanien.com\/index.php?rest_route=%2Fwp%2Fv2%2Fmedia&parent=939"}],"curies":[{"name":"wp","href":"https:\/\/api.w.org\/{rel}","templated":true}]}}