{"id":814,"date":"2020-02-20T08:59:21","date_gmt":"2020-02-20T08:59:21","guid":{"rendered":"http:\/\/traducteur-lituanien.com\/?page_id=814"},"modified":"2025-04-29T12:06:47","modified_gmt":"2025-04-29T10:06:47","slug":"tarifs","status":"publish","type":"page","link":"https:\/\/traducteur-lituanien.com\/?page_id=814","title":{"rendered":"Tarifs"},"content":{"rendered":"<p>[et_pb_section fb_built=\u00a0\u00bb1&Prime; _builder_version=\u00a0\u00bb4.16&Prime; min_height=\u00a0\u00bb1261px\u00a0\u00bb custom_padding=\u00a0\u00bb4px||3px|||\u00a0\u00bb global_colors_info=\u00a0\u00bb{}\u00a0\u00bb][et_pb_row _builder_version=\u00a0\u00bb4.16&Prime; global_colors_info=\u00a0\u00bb{}\u00a0\u00bb][et_pb_column type=\u00a0\u00bb4_4&Prime; _builder_version=\u00a0\u00bb4.16&Prime; global_colors_info=\u00a0\u00bb{}\u00a0\u00bb][et_pb_text _builder_version=\u00a0\u00bb4.16&Prime; global_colors_info=\u00a0\u00bb{}\u00a0\u00bb]<\/p>\n<h2>\u00c0 savoir avant d&rsquo;envoyer vos documents \u00e0 traduire<\/h2>\n<p>[\/et_pb_text][et_pb_text _builder_version=\u00a0\u00bb4.18.0&Prime; header_2_line_height=\u00a0\u00bb1.3em\u00a0\u00bb global_colors_info=\u00a0\u00bb{}\u00a0\u00bb]<\/p>\n<p>Avant de proposer un tarif de traduction, je dois consulter le document lui-m\u00eame.<\/p>\n<p>M\u00eame si vous pouvez donner les d\u00e9tails de votre document comme le nombre des mots ou des pages, il est important pour un traducteur d\u2019\u00e9valuer d\u2019autres param\u00e8tres : est-ce que le PDF envoy\u00e9 sera \u00ab\u00a0\u00e9ditable\u00a0\u00bb ou \u00ab aplati \u00bb ? Visuellement il n\u2019y a pas de diff\u00e9rence, mais dans les faits si un PDF est aplati, il faudra effectuer une reconnaissance des caract\u00e8res (OCR) pour r\u00e9cup\u00e9rer le texte. Il faudra \u00e9galement retravailler et v\u00e9rifier le texte ainsi extrait. Le r\u00e9sultat : le processus de la traduction sera plus lent et le tarif plus \u00e9lev\u00e9.<\/p>\n<p>Il arrive aussi (rarement, mais r\u00e9guli\u00e8rement) qu\u2019un client demande \u00e0 faire traduire un document qui n\u2019est pas en lituanien. Le fait d\u2019envoyer le document permet \u00e0 tout le monde de gagner du temps.<\/p>\n<p>[\/et_pb_text][et_pb_divider _builder_version=\u00a0\u00bb4.16&Prime; global_colors_info=\u00a0\u00bb{}\u00a0\u00bb][\/et_pb_divider][et_pb_text _builder_version=\u00a0\u00bb4.16&Prime; global_colors_info=\u00a0\u00bb{}\u00a0\u00bb]<\/p>\n<h2>Tarifs d&rsquo;une traduction asserment\u00e9e : actes d&rsquo;\u00e9tat civil courants<\/h2>\n<p>[\/et_pb_text][et_pb_text _builder_version=\u00a0\u00bb4.16&Prime; header_2_line_height=\u00a0\u00bb1.3em\u00a0\u00bb global_colors_info=\u00a0\u00bb{}\u00a0\u00bb]<\/p>\n<p>Les tarifs pour les traductions asserment\u00e9es sont fix\u00e9s librement. N\u2019h\u00e9sitez pas \u00e0 contacter plusieurs experts pour comparer les tarifs.<\/p>\n<p>Si vous \u00eates un particulier, \u00e9vitez les agences de traduction. Elles sont tr\u00e8s bien r\u00e9f\u00e9renc\u00e9es sur des moteurs de recherche et s&rsquo;av\u00e8rent pratiques pour des professionnels qui ne veulent pas perdre leur temps \u00e0 rechercher un traducteur. Par contre, un particulier se verra proposer un devis assez \u00e9lev\u00e9, car il paiera en plus de la traduction un service d&rsquo;interm\u00e9diaire.<\/p>\n<p>Dans mon cas je pratique un tarif fixe de <strong>40 \u20ac HT + 8 \u20ac la TVA de 20% pour la traduction des actes de l&rsquo;\u00e9tat civil courants<\/strong> (48 \u20ac TTC) tels que les actes de naissance, de mariage, de divorce, de d\u00e9c\u00e8s, des extraits de casier judiciaire. Les frais d&rsquo;envoi (lettre prioritaire, avec ou sans l&rsquo;accus\u00e9 de r\u00e9ception, \u00e9conomique sont en sus. Si votre document est apostill\u00e9 et si vous souhaitez que l&rsquo;apostille soit traduite \u00e9galement, le prix de la traduction de cette derni\u00e8re sera de 17 \u20ac HT (20,40 \u20ac TTC). <\/p>\n<p>&nbsp;<\/p>\n<p>[\/et_pb_text][\/et_pb_column][\/et_pb_row][et_pb_row _builder_version=\u00a0\u00bb4.16&Prime; global_colors_info=\u00a0\u00bb{}\u00a0\u00bb][et_pb_column type=\u00a0\u00bb4_4&Prime; _builder_version=\u00a0\u00bb4.16&Prime; global_colors_info=\u00a0\u00bb{}\u00a0\u00bb][et_pb_divider _builder_version=\u00a0\u00bb4.16&Prime; global_colors_info=\u00a0\u00bb{}\u00a0\u00bb][\/et_pb_divider][\/et_pb_column][\/et_pb_row][et_pb_row _builder_version=\u00a0\u00bb4.16&Prime; global_colors_info=\u00a0\u00bb{}\u00a0\u00bb][et_pb_column type=\u00a0\u00bb4_4&Prime; _builder_version=\u00a0\u00bb4.16&Prime; global_colors_info=\u00a0\u00bb{}\u00a0\u00bb][et_pb_text _builder_version=\u00a0\u00bb4.16&Prime; global_colors_info=\u00a0\u00bb{}\u00a0\u00bb]<\/p>\n<h2>Tarifs des traduction asserment\u00e9es : autres documents<\/h2>\n<p>Pour tout document autre qu&rsquo;un acte de l&rsquo;\u00e9tat civil, veuillez me poser la question via le formulaire de demande de devis ci-dessous. Vous pouvez \u00e9galement me t\u00e9l\u00e9phoner ou envoyer un mail ou me contacter via WhatsApp :<\/p>\n<p>[\/et_pb_text][et_pb_button button_url=\u00a0\u00bbtel:0651359436&Prime; button_text=\u00a0\u00bb06 51 35 94 36&Prime; button_alignment=\u00a0\u00bbcenter\u00a0\u00bb _builder_version=\u00a0\u00bb4.16&Prime; custom_button=\u00a0\u00bbon\u00a0\u00bb button_text_color=\u00a0\u00bb#E09900&Prime; button_icon=\u00a0\u00bb&#xe00b;||divi||400&Prime; global_colors_info=\u00a0\u00bb{}\u00a0\u00bb][\/et_pb_button][\/et_pb_column][\/et_pb_row][\/et_pb_section][et_pb_section fb_built=\u00a0\u00bb1&Prime; _builder_version=\u00a0\u00bb4.16&Prime; custom_padding=\u00a0\u00bb1px||2px|||\u00a0\u00bb global_colors_info=\u00a0\u00bb{}\u00a0\u00bb][et_pb_row _builder_version=\u00a0\u00bb4.16&Prime; custom_padding=\u00a0\u00bb||2px|||\u00a0\u00bb global_colors_info=\u00a0\u00bb{}\u00a0\u00bb][et_pb_column type=\u00a0\u00bb4_4&Prime; _builder_version=\u00a0\u00bb4.16&Prime; global_colors_info=\u00a0\u00bb{}\u00a0\u00bb][et_pb_text _builder_version=\u00a0\u00bb4.16&Prime; global_colors_info=\u00a0\u00bb{}\u00a0\u00bb]<\/p>\n<h2>Devis pour une traduction fran\u00e7ais-lituanien \/ lituanien-fran\u00e7ais<\/h2>\n<p>[\/et_pb_text][et_pb_divider _builder_version=\u00a0\u00bb4.16&Prime; global_colors_info=\u00a0\u00bb{}\u00a0\u00bb][\/et_pb_divider][\/et_pb_column][\/et_pb_row][\/et_pb_section][et_pb_section fb_built=\u00a0\u00bb1&Prime; _builder_version=\u00a0\u00bb4.16&Prime; min_height=\u00a0\u00bb479px\u00a0\u00bb custom_padding=\u00a0\u00bb1px|||||\u00a0\u00bb global_colors_info=\u00a0\u00bb{}\u00a0\u00bb][et_pb_row _builder_version=\u00a0\u00bb4.18.0&Prime; custom_padding=\u00a0\u00bb3%|3%|3%|3%|false|false\u00a0\u00bb border_width_all=\u00a0\u00bb1px\u00a0\u00bb border_color_all=\u00a0\u00bb#E09900&Prime; global_colors_info=\u00a0\u00bb{}\u00a0\u00bb][et_pb_column type=\u00a0\u00bb4_4&Prime; _builder_version=\u00a0\u00bb4.16&Prime; global_colors_info=\u00a0\u00bb{}\u00a0\u00bb][et_pb_text _builder_version=\u00a0\u00bb4.16&Prime; global_colors_info=\u00a0\u00bb{}\u00a0\u00bb]<\/p>\n<div class=\"wpforms-container wpforms-container-full\" id=\"wpforms-805\"><form id=\"wpforms-form-805\" class=\"wpforms-validate wpforms-form\" data-formid=\"805\" method=\"post\" enctype=\"multipart\/form-data\" action=\"\/index.php?rest_route=%2Fwp%2Fv2%2Fpages%2F814&#038;wpforms_form_id=805\"><div class=\"wpforms-field-container\"><div id=\"wpforms-805-field_0-container\" class=\"wpforms-field wpforms-field-name wpforms-one-third wpforms-first\" data-field-id=\"0\"><label class=\"wpforms-field-label\" for=\"wpforms-805-field_0\">Nom <span class=\"wpforms-required-label\">*<\/span><\/label><input type=\"text\" id=\"wpforms-805-field_0\" class=\"wpforms-field-large wpforms-field-required\" name=\"wpforms[fields][0]\" required><\/div><div id=\"wpforms-805-field_2-container\" class=\"wpforms-field wpforms-field-email wpforms-one-third\" data-field-id=\"2\"><label class=\"wpforms-field-label\" for=\"wpforms-805-field_2\">E-mail <span class=\"wpforms-required-label\">*<\/span><\/label><input type=\"email\" id=\"wpforms-805-field_2\" class=\"wpforms-field-large wpforms-field-required\" name=\"wpforms[fields][2]\" required><\/div><div id=\"wpforms-805-field_3-container\" class=\"wpforms-field wpforms-field-phone wpforms-one-third\" data-field-id=\"3\"><label class=\"wpforms-field-label\" for=\"wpforms-805-field_3\">T\u00e9l\u00e9phone<\/label><input type=\"tel\" id=\"wpforms-805-field_3\" class=\"wpforms-field-large\" name=\"wpforms[fields][3]\" ><\/div><div id=\"wpforms-805-field_4-container\" class=\"wpforms-field wpforms-field-textarea\" data-field-id=\"4\"><label class=\"wpforms-field-label\" for=\"wpforms-805-field_4\">Remarques, demandes particuli\u00e8res, d\u00e9lais, etc.<\/label><textarea id=\"wpforms-805-field_4\" class=\"wpforms-field-medium\" name=\"wpforms[fields][4]\" ><\/textarea><\/div><div id=\"wpforms-805-field_5-container\" class=\"wpforms-field wpforms-field-file-upload\" data-field-id=\"5\"><label class=\"wpforms-field-label\" for=\"wpforms-805-field_5\">Envoi de fichier<\/label><input type=\"file\" id=\"wpforms-805-field_5\" data-rule-extension=\"jpg,jpeg,jpe,gif,png,bmp,tiff,tif,webp,avif,ico,heic,heif,heics,heifs,asf,asx,wmv,wmx,wm,avi,divx,mov,qt,mpeg,mpg,mpe,mp4,m4v,ogv,webm,mkv,3gp,3gpp,3g2,3gp2,txt,asc,c,cc,h,srt,csv,tsv,ics,rtx,css,vtt,mp3,m4a,m4b,aac,ra,ram,wav,xwav,ogg,oga,flac,mid,midi,wma,wax,mka,rtf,pdf,class,tar,zip,gz,gzip,rar,7z,psd,xcf,doc,pot,pps,ppt,wri,xla,xls,xlt,xlw,mpp,docx,docm,dotx,dotm,xlsx,xlsm,xlsb,xltx,xltm,xlam,pptx,pptm,ppsx,ppsm,potx,potm,ppam,sldx,sldm,onetoc,onetoc2,onepkg,oxps,xps,odt,odp,ods,odg,odc,odb,odf,wp,wpd,key,numbers,pages\" data-rule-maxsize=\"52428800\" name=\"wpforms_805_5\" accept=\".jpg,.jpeg,.jpe,.gif,.png,.bmp,.tiff,.tif,.webp,.avif,.ico,.heic,.heif,.heics,.heifs,.asf,.asx,.wmv,.wmx,.wm,.avi,.divx,.mov,.qt,.mpeg,.mpg,.mpe,.mp4,.m4v,.ogv,.webm,.mkv,.3gp,.3gpp,.3g2,.3gp2,.txt,.asc,.c,.cc,.h,.srt,.csv,.tsv,.ics,.rtx,.css,.vtt,.mp3,.m4a,.m4b,.aac,.ra,.ram,.wav,.xwav,.ogg,.oga,.flac,.mid,.midi,.wma,.wax,.mka,.rtf,.pdf,.class,.tar,.zip,.gz,.gzip,.rar,.7z,.psd,.xcf,.doc,.pot,.pps,.ppt,.wri,.xla,.xls,.xlt,.xlw,.mpp,.docx,.docm,.dotx,.dotm,.xlsx,.xlsm,.xlsb,.xltx,.xltm,.xlam,.pptx,.pptm,.ppsx,.ppsm,.potx,.potm,.ppam,.sldx,.sldm,.onetoc,.onetoc2,.onepkg,.oxps,.xps,.odt,.odp,.ods,.odg,.odc,.odb,.odf,.wp,.wpd,.key,.numbers,.pages\" ><\/div><\/div><input type=\"hidden\" name=\"wpforms[recaptcha]\" value=\"\"><div class=\"wpforms-submit-container\" ><input type=\"hidden\" name=\"wpforms[id]\" value=\"805\"><input type=\"hidden\" name=\"wpforms[author]\" value=\"1\"><button type=\"submit\" name=\"wpforms[submit]\" class=\"wpforms-submit \" id=\"wpforms-submit-805\" value=\"wpforms-submit\" aria-live=\"assertive\" data-alt-text=\"Envoi...\" data-submit-text=\"Envoyer\">Envoyer<\/button><\/div><\/form><\/div>  <!-- .wpforms-container -->\n<p>[\/et_pb_text][\/et_pb_column][\/et_pb_row][\/et_pb_section]<\/p>\n","protected":false},"excerpt":{"rendered":"<p>\u00c0 savoir avant d&rsquo;envoyer vos documents \u00e0 traduire Avant de proposer un&#8230;<\/p>\n","protected":false},"author":1,"featured_media":0,"parent":0,"menu_order":0,"comment_status":"closed","ping_status":"closed","template":"","meta":{"_et_pb_use_builder":"on","_et_pb_old_content":"","_et_gb_content_width":"","footnotes":""},"class_list":["post-814","page","type-page","status-publish"],"yoast_head":"<!-- This site is optimized with the Yoast SEO plugin v27.1.1 - https:\/\/yoast.com\/product\/yoast-seo-wordpress\/ -->\n<title>Tarifs &#8211; Traducteur asserment\u00e9 francais lituanien<\/title>\n<meta name=\"robots\" content=\"index, follow, max-snippet:-1, max-image-preview:large, max-video-preview:-1\" \/>\n<link rel=\"canonical\" href=\"https:\/\/traducteur-lituanien.com\/?page_id=814\" \/>\n<meta property=\"og:locale\" content=\"fr_FR\" \/>\n<meta property=\"og:type\" content=\"article\" \/>\n<meta property=\"og:title\" content=\"Tarifs &#8211; Traducteur asserment\u00e9 francais lituanien\" \/>\n<meta property=\"og:description\" content=\"\u00c0 savoir avant d&rsquo;envoyer vos documents \u00e0 traduire Avant de proposer un...\" \/>\n<meta property=\"og:url\" content=\"https:\/\/traducteur-lituanien.com\/?page_id=814\" \/>\n<meta property=\"og:site_name\" content=\"Traducteur asserment\u00e9 francais lituanien\" \/>\n<meta property=\"article:modified_time\" content=\"2025-04-29T10:06:47+00:00\" \/>\n<meta name=\"twitter:card\" content=\"summary_large_image\" \/>\n<meta name=\"twitter:label1\" content=\"Dur\u00e9e de lecture estim\u00e9e\" \/>\n\t<meta name=\"twitter:data1\" content=\"4 minutes\" \/>\n<script type=\"application\/ld+json\" class=\"yoast-schema-graph\">{\"@context\":\"https:\/\/schema.org\",\"@graph\":[{\"@type\":\"WebPage\",\"@id\":\"https:\/\/traducteur-lituanien.com\/?page_id=814\",\"url\":\"https:\/\/traducteur-lituanien.com\/?page_id=814\",\"name\":\"Tarifs &#8211; Traducteur asserment\u00e9 francais lituanien\",\"isPartOf\":{\"@id\":\"https:\/\/traducteur-lituanien.com\/#website\"},\"datePublished\":\"2020-02-20T08:59:21+00:00\",\"dateModified\":\"2025-04-29T10:06:47+00:00\",\"breadcrumb\":{\"@id\":\"https:\/\/traducteur-lituanien.com\/?page_id=814#breadcrumb\"},\"inLanguage\":\"fr-FR\",\"potentialAction\":[{\"@type\":\"ReadAction\",\"target\":[\"https:\/\/traducteur-lituanien.com\/?page_id=814\"]}]},{\"@type\":\"BreadcrumbList\",\"@id\":\"https:\/\/traducteur-lituanien.com\/?page_id=814#breadcrumb\",\"itemListElement\":[{\"@type\":\"ListItem\",\"position\":1,\"name\":\"Accueil\",\"item\":\"https:\/\/traducteur-lituanien.com\/\"},{\"@type\":\"ListItem\",\"position\":2,\"name\":\"Tarifs\"}]},{\"@type\":\"WebSite\",\"@id\":\"https:\/\/traducteur-lituanien.com\/#website\",\"url\":\"https:\/\/traducteur-lituanien.com\/\",\"name\":\"Traducteur asserment\u00e9 lituanien\",\"description\":\"Traduction de vos documents du lituanien en fran\u00e7ais par un expert judiciaire\",\"publisher\":{\"@id\":\"https:\/\/traducteur-lituanien.com\/#organization\"},\"potentialAction\":[{\"@type\":\"SearchAction\",\"target\":{\"@type\":\"EntryPoint\",\"urlTemplate\":\"https:\/\/traducteur-lituanien.com\/?s={search_term_string}\"},\"query-input\":{\"@type\":\"PropertyValueSpecification\",\"valueRequired\":true,\"valueName\":\"search_term_string\"}}],\"inLanguage\":\"fr-FR\"},{\"@type\":\"Organization\",\"@id\":\"https:\/\/traducteur-lituanien.com\/#organization\",\"name\":\"Aurimas Dunauskas\",\"url\":\"https:\/\/traducteur-lituanien.com\/\",\"logo\":{\"@type\":\"ImageObject\",\"inLanguage\":\"fr-FR\",\"@id\":\"https:\/\/traducteur-lituanien.com\/#\/schema\/logo\/image\/\",\"url\":\"https:\/\/traducteur-lituanien.com\/wp-content\/uploads\/2020\/09\/contact-1.jpg\",\"contentUrl\":\"https:\/\/traducteur-lituanien.com\/wp-content\/uploads\/2020\/09\/contact-1.jpg\",\"width\":1200,\"height\":438,\"caption\":\"Aurimas Dunauskas\"},\"image\":{\"@id\":\"https:\/\/traducteur-lituanien.com\/#\/schema\/logo\/image\/\"}}]}<\/script>\n<!-- \/ Yoast SEO plugin. -->","yoast_head_json":{"title":"Tarifs &#8211; Traducteur asserment\u00e9 francais lituanien","robots":{"index":"index","follow":"follow","max-snippet":"max-snippet:-1","max-image-preview":"max-image-preview:large","max-video-preview":"max-video-preview:-1"},"canonical":"https:\/\/traducteur-lituanien.com\/?page_id=814","og_locale":"fr_FR","og_type":"article","og_title":"Tarifs &#8211; Traducteur asserment\u00e9 francais lituanien","og_description":"\u00c0 savoir avant d&rsquo;envoyer vos documents \u00e0 traduire Avant de proposer un...","og_url":"https:\/\/traducteur-lituanien.com\/?page_id=814","og_site_name":"Traducteur asserment\u00e9 francais lituanien","article_modified_time":"2025-04-29T10:06:47+00:00","twitter_card":"summary_large_image","twitter_misc":{"Dur\u00e9e de lecture estim\u00e9e":"4 minutes"},"schema":{"@context":"https:\/\/schema.org","@graph":[{"@type":"WebPage","@id":"https:\/\/traducteur-lituanien.com\/?page_id=814","url":"https:\/\/traducteur-lituanien.com\/?page_id=814","name":"Tarifs &#8211; Traducteur asserment\u00e9 francais lituanien","isPartOf":{"@id":"https:\/\/traducteur-lituanien.com\/#website"},"datePublished":"2020-02-20T08:59:21+00:00","dateModified":"2025-04-29T10:06:47+00:00","breadcrumb":{"@id":"https:\/\/traducteur-lituanien.com\/?page_id=814#breadcrumb"},"inLanguage":"fr-FR","potentialAction":[{"@type":"ReadAction","target":["https:\/\/traducteur-lituanien.com\/?page_id=814"]}]},{"@type":"BreadcrumbList","@id":"https:\/\/traducteur-lituanien.com\/?page_id=814#breadcrumb","itemListElement":[{"@type":"ListItem","position":1,"name":"Accueil","item":"https:\/\/traducteur-lituanien.com\/"},{"@type":"ListItem","position":2,"name":"Tarifs"}]},{"@type":"WebSite","@id":"https:\/\/traducteur-lituanien.com\/#website","url":"https:\/\/traducteur-lituanien.com\/","name":"Traducteur asserment\u00e9 lituanien","description":"Traduction de vos documents du lituanien en fran\u00e7ais par un expert judiciaire","publisher":{"@id":"https:\/\/traducteur-lituanien.com\/#organization"},"potentialAction":[{"@type":"SearchAction","target":{"@type":"EntryPoint","urlTemplate":"https:\/\/traducteur-lituanien.com\/?s={search_term_string}"},"query-input":{"@type":"PropertyValueSpecification","valueRequired":true,"valueName":"search_term_string"}}],"inLanguage":"fr-FR"},{"@type":"Organization","@id":"https:\/\/traducteur-lituanien.com\/#organization","name":"Aurimas Dunauskas","url":"https:\/\/traducteur-lituanien.com\/","logo":{"@type":"ImageObject","inLanguage":"fr-FR","@id":"https:\/\/traducteur-lituanien.com\/#\/schema\/logo\/image\/","url":"https:\/\/traducteur-lituanien.com\/wp-content\/uploads\/2020\/09\/contact-1.jpg","contentUrl":"https:\/\/traducteur-lituanien.com\/wp-content\/uploads\/2020\/09\/contact-1.jpg","width":1200,"height":438,"caption":"Aurimas Dunauskas"},"image":{"@id":"https:\/\/traducteur-lituanien.com\/#\/schema\/logo\/image\/"}}]}},"lang":"fr","translations":{"lt":939,"fr":814},"pll_sync_post":[],"_links":{"self":[{"href":"https:\/\/traducteur-lituanien.com\/index.php?rest_route=\/wp\/v2\/pages\/814","targetHints":{"allow":["GET"]}}],"collection":[{"href":"https:\/\/traducteur-lituanien.com\/index.php?rest_route=\/wp\/v2\/pages"}],"about":[{"href":"https:\/\/traducteur-lituanien.com\/index.php?rest_route=\/wp\/v2\/types\/page"}],"author":[{"embeddable":true,"href":"https:\/\/traducteur-lituanien.com\/index.php?rest_route=\/wp\/v2\/users\/1"}],"replies":[{"embeddable":true,"href":"https:\/\/traducteur-lituanien.com\/index.php?rest_route=%2Fwp%2Fv2%2Fcomments&post=814"}],"version-history":[{"count":19,"href":"https:\/\/traducteur-lituanien.com\/index.php?rest_route=\/wp\/v2\/pages\/814\/revisions"}],"predecessor-version":[{"id":878,"href":"https:\/\/traducteur-lituanien.com\/index.php?rest_route=\/wp\/v2\/pages\/814\/revisions\/878"}],"wp:attachment":[{"href":"https:\/\/traducteur-lituanien.com\/index.php?rest_route=%2Fwp%2Fv2%2Fmedia&parent=814"}],"curies":[{"name":"wp","href":"https:\/\/api.w.org\/{rel}","templated":true}]}}